{"id":9,"date":"2019-10-21T18:14:44","date_gmt":"2019-10-21T16:14:44","guid":{"rendered":"http:\/\/localhost\/mas\/?page_id=9"},"modified":"2021-12-11T23:14:45","modified_gmt":"2021-12-11T22:14:45","slug":"accueil","status":"publish","type":"page","link":"http:\/\/nourpeche.com\/","title":{"rendered":"Accueil"},"content":{"rendered":"<p>Nous cherchons \u00e0 satisfaire nos clients tout en assurant la meilleur qualit\u00e9, la fra\u00eecheur et le bon go\u00fbt de nos produits. \t\t\t\t\t\t\t\t\t\t\t\t\t\t<\/p>\n<p><!-- .container --><br \/>\n\t\t\t\t\t\t\t\t <!-- .overlay --><\/p>\n<p>Nos produits\t\t\t\t\t\t\t\t<\/p>\n<p><a href=\"http:\/\/nourpeche.com\/?p=317\"><img loading=\"lazy\" width=\"480\" height=\"480\" src=\"http:\/\/nourpeche.com\/wp-content\/uploads\/2021\/12\/WhatsApp-Image-2021-12-09-at-23.36.48-480x480.jpeg\" \/><\/a>\t\t\t\t\t\t\t\t\t\t\t\t\t\t\t\t\t\t\t\t\t<\/p>\n<p><a href=\"http:\/\/nourpeche.com\/?p=311\"><img loading=\"lazy\" width=\"480\" height=\"480\" src=\"http:\/\/nourpeche.com\/wp-content\/uploads\/2021\/12\/WhatsApp-Image-2021-12-09-at-23.36.47-480x480.jpeg\" \/><\/a>\t\t\t\t\t\t\t\t\t\t\t\t\t\t\t\t\t\t\t\t\t<\/p>\n<p><a href=\"http:\/\/nourpeche.com\/?p=308\"><img loading=\"lazy\" width=\"480\" height=\"480\" src=\"http:\/\/nourpeche.com\/wp-content\/uploads\/2021\/12\/WhatsApp-Image-2021-12-09-at-23.36.41-480x480.jpeg\" \/><\/a>\t\t\t\t\t\t\t\t\t\t\t\t\t\t\t\t\t\t\t\t\t<\/p>\n<p><a href=\"http:\/\/nourpeche.com\/?p=146\"><img loading=\"lazy\" width=\"480\" height=\"480\" src=\"http:\/\/nourpeche.com\/wp-content\/uploads\/2021\/02\/WhatsApp-Image-2021-02-07-at-16.50.54-1-480x480.jpeg\" \/><\/a>\t\t\t\t\t\t\t\t\t\t\t\t\t\t\t\t\t\t\t\t\t<\/p>\n<p><a href=\"http:\/\/nourpeche.com\/?p=142\"><img loading=\"lazy\" width=\"480\" height=\"480\" src=\"http:\/\/nourpeche.com\/wp-content\/uploads\/2021\/02\/WhatsApp-Image-2021-02-07-at-16.43.41-480x480.jpeg\" \/><\/a>\t\t\t\t\t\t\t\t\t\t\t\t\t\t\t\t\t\t\t\t\t<\/p>\n<p><a href=\"http:\/\/nourpeche.com\/?p=65\"><img loading=\"lazy\" width=\"480\" height=\"480\" src=\"http:\/\/nourpeche.com\/wp-content\/uploads\/2019\/10\/WhatsApp-Image-2021-02-07-at-16.50.54-480x480.jpeg\" \/><\/a>\t\t\t\t\t\t\t\t\t\t\t\t\t\t\t\t\t\t\t\t\t<\/p>\n<p><a href=\"http:\/\/nourpeche.com\/?p=63\"><img loading=\"lazy\" width=\"480\" height=\"480\" src=\"http:\/\/nourpeche.com\/wp-content\/uploads\/2019\/10\/WhatsApp-Image-2021-02-07-at-16.50.53-480x480.jpeg\" \/><\/a>\t\t\t\t\t\t\t\t\t\t\t\t\t\t\t\t\t\t\t\t\t<\/p>\n<p><a href=\"http:\/\/nourpeche.com\/?p=61\"><img loading=\"lazy\" width=\"480\" height=\"480\" src=\"http:\/\/nourpeche.com\/wp-content\/uploads\/2019\/10\/WhatsApp-Image-2021-02-07-at-16.51.24-480x480.jpeg\" \/><\/a>\t\t\t\t\t\t\t\t\t\t\t\t\t\t\t\t\t\t\t\t\t<\/p>\n<p><a href=\"http:\/\/nourpeche.com\/?p=59\"><img loading=\"lazy\" width=\"480\" height=\"480\" src=\"http:\/\/nourpeche.com\/wp-content\/uploads\/2019\/10\/WhatsApp-Image-2021-02-07-at-16.50.52-1-480x480.jpeg\" \/><\/a>\t\t\t\t\t\t\t\t\t\t\t\t\t\t\t\t\t\t\t\t\t<\/p>\n<p><a href=\"http:\/\/nourpeche.com\/?p=57\"><img loading=\"lazy\" width=\"480\" height=\"480\" src=\"http:\/\/nourpeche.com\/wp-content\/uploads\/2019\/10\/WhatsApp-Image-2021-02-07-at-16.50.52-480x480.jpeg\" \/><\/a>\t\t\t\t\t\t\t\t\t\t\t\t\t\t\t\t\t\t\t\t\t<\/p>\n<p><a href=\"http:\/\/nourpeche.com\/?p=55\"><img loading=\"lazy\" width=\"480\" height=\"480\" src=\"http:\/\/nourpeche.com\/wp-content\/uploads\/2019\/10\/WhatsApp-Image-2021-02-07-at-16.50.50-480x480.jpeg\" \/><\/a>\t\t\t\t\t\t\t\t\t\t\t\t\t\t\t\t\t\t\t\t\t<\/p>\n<p><a href=\"http:\/\/nourpeche.com\/?p=53\"><img loading=\"lazy\" width=\"480\" height=\"480\" src=\"http:\/\/nourpeche.com\/wp-content\/uploads\/2019\/10\/WhatsApp-Image-2021-02-07-at-16.50.47-480x480.jpeg\" \/><\/a><br \/>\n\t\t\t\t\t\t\t\t\t\t\t\t\t\t\t\t\t\t\t\t\t\t\t<!-- \/row --><\/p>\n<p>NOUR PECHE<br \/>\n\t\t\t\t\t\t\t\t\t\t\t\t\t\t\t\t\t\t\t\t\t\tNous sommes sp\u00e9cialis\u00e9s dans la production et l&rsquo;exportation de produits de la mer congel\u00e9s p\u00e9ch\u00e9s au large de l\u2019oc\u00e9an atlantique de la Mauritanie.<\/p>\n<p>Nous cherchons toujours \u00e0 nous assurer que nous offrons les produits de la meilleur qualit\u00e9s<\/p>\n<p><!-- .container --><br \/>\n\t\t\t\t\t\t\t\t <!-- .overlay --><\/p>\n","protected":false},"excerpt":{"rendered":"<p class=\"excerpt\">Nous cherchons \u00e0 satisfaire nos clients tout en assurant la meilleur qualit\u00e9, la fra\u00eecheur et le bon go\u00fbt de nos produits. Nos produits NOUR PECHE Nous sommes sp\u00e9cialis\u00e9s dans la production et l&rsquo;exportation de produits de la mer congel\u00e9s p\u00e9ch\u00e9s au large de l\u2019oc\u00e9an atlantique de la Mauritanie. Nous cherchons toujours \u00e0 nous assurer que [&hellip;]<\/p>\n","protected":false},"author":1,"featured_media":0,"parent":0,"menu_order":0,"comment_status":"closed","ping_status":"closed","template":"builder.php","meta":[],"_links":{"self":[{"href":"http:\/\/nourpeche.com\/index.php?rest_route=\/wp\/v2\/pages\/9"}],"collection":[{"href":"http:\/\/nourpeche.com\/index.php?rest_route=\/wp\/v2\/pages"}],"about":[{"href":"http:\/\/nourpeche.com\/index.php?rest_route=\/wp\/v2\/types\/page"}],"author":[{"embeddable":true,"href":"http:\/\/nourpeche.com\/index.php?rest_route=\/wp\/v2\/users\/1"}],"replies":[{"embeddable":true,"href":"http:\/\/nourpeche.com\/index.php?rest_route=%2Fwp%2Fv2%2Fcomments&post=9"}],"version-history":[{"count":55,"href":"http:\/\/nourpeche.com\/index.php?rest_route=\/wp\/v2\/pages\/9\/revisions"}],"predecessor-version":[{"id":327,"href":"http:\/\/nourpeche.com\/index.php?rest_route=\/wp\/v2\/pages\/9\/revisions\/327"}],"wp:attachment":[{"href":"http:\/\/nourpeche.com\/index.php?rest_route=%2Fwp%2Fv2%2Fmedia&parent=9"}],"curies":[{"name":"wp","href":"https:\/\/api.w.org\/{rel}","templated":true}]}}